{"id":7,"date":"2020-02-01T16:29:58","date_gmt":"2020-02-01T15:29:58","guid":{"rendered":"http:\/\/www.cool-project.cz\/?page_id=7"},"modified":"2020-02-19T09:46:48","modified_gmt":"2020-02-19T08:46:48","slug":"o-nas","status":"publish","type":"page","link":"https:\/\/www.cool-project.cz\/?page_id=7","title":{"rendered":"O n\u00e1s"},"content":{"rendered":"<p>Ji\u017e od roku 2000 se pohybujeme v oblasti n\u00e1vrh\u016f chlad\u00edrensk\u00fdch syst\u00e9m\u016f.<\/p>\n<p>Syst\u00e9my se zam\u011b\u0159en\u00edm na rozv\u00e1d\u011b\u010dovou techniku s chlad\u00edc\u00edm v\u00fdkonem v \u0159\u00e1dech stovek watt\u016f&nbsp; postupem \u010dasu p\u0159e\u0161ly a\u017e na centr\u00e1ln\u00ed chlad\u00edc\u00ed syst\u00e9my v \u0159\u00e1du jednotek megawatt.<\/p>\n<p>Navrhujeme modern\u00ed energeticky \u00fasporn\u00e9 chlad\u00edc\u00ed syst\u00e9my. P\u0159i n\u00e1vrz\u00edch vych\u00e1z\u00edme z ji\u017e realizovan\u00fdch projekt\u016f a zku\u0161enost\u00ed jejich u\u017eivatel\u016f s \u00fa\u010dinnost\u00ed a provozem a bereme v\u017edy v potaz m\u00edstn\u00ed mo\u017enosti. N\u00e1vrhy konstrukc\u00ed akceptuj\u00ed po\u017eadavky na vestavbu do konkr\u00e9tn\u00edho prostoru.<\/p>\n\n\n<ul class=\"is-layout-flex wp-block-gallery-1 wp-block-gallery columns-1 is-cropped\"><li class=\"blocks-gallery-item\"><figure><img decoding=\"async\" loading=\"lazy\" width=\"1024\" height=\"727\" src=\"http:\/\/www.cool-project.cz\/wp-content\/uploads\/2020\/02\/Sch\u00e9ma_cntr\u00e1ln\u00ed_chlazen\u00ed_12MW-1024x727.png\" alt=\"\" data-id=\"131\" data-link=\"http:\/\/www.cool-project.cz\/?attachment_id=131\" class=\"wp-image-131\" srcset=\"https:\/\/www.cool-project.cz\/wp-content\/uploads\/2020\/02\/Sch\u00e9ma_cntr\u00e1ln\u00ed_chlazen\u00ed_12MW-1024x727.png 1024w, https:\/\/www.cool-project.cz\/wp-content\/uploads\/2020\/02\/Sch\u00e9ma_cntr\u00e1ln\u00ed_chlazen\u00ed_12MW-300x213.png 300w, https:\/\/www.cool-project.cz\/wp-content\/uploads\/2020\/02\/Sch\u00e9ma_cntr\u00e1ln\u00ed_chlazen\u00ed_12MW-768x545.png 768w, https:\/\/www.cool-project.cz\/wp-content\/uploads\/2020\/02\/Sch\u00e9ma_cntr\u00e1ln\u00ed_chlazen\u00ed_12MW.png 1267w\" sizes=\"(max-width: 1024px) 100vw, 1024px\" \/><\/figure><\/li><\/ul>\n\n\n\n<p>Pro prvotn\u00ed konzultace pro V\u00e1s p\u0159iprav\u00edme zcela zdarma technologick\u00e9 sch\u00e9ma, kter\u00e9 se n\u00e1sledn\u011b stane podkladem pro samotn\u00fd n\u00e1vrh konstrukc\u00ed a p\u0159\u00edpadn\u011b i jako podklad pro \u0159\u00edzen\u00ed, resp. p\u0159\u00edpadnou vizualizaci.<\/p>\n\n\n\n<ul class=\"is-layout-flex wp-block-gallery-3 wp-block-gallery columns-3 is-cropped\"><li class=\"blocks-gallery-item\"><figure><img decoding=\"async\" loading=\"lazy\" width=\"800\" height=\"600\" src=\"http:\/\/www.cool-project.cz\/wp-content\/uploads\/2020\/02\/COBA_V4_V5_VL16_rev.1_4.png\" alt=\"\" data-id=\"121\" data-link=\"http:\/\/www.cool-project.cz\/?attachment_id=121\" class=\"wp-image-121\" srcset=\"https:\/\/www.cool-project.cz\/wp-content\/uploads\/2020\/02\/COBA_V4_V5_VL16_rev.1_4.png 800w, https:\/\/www.cool-project.cz\/wp-content\/uploads\/2020\/02\/COBA_V4_V5_VL16_rev.1_4-300x225.png 300w, https:\/\/www.cool-project.cz\/wp-content\/uploads\/2020\/02\/COBA_V4_V5_VL16_rev.1_4-768x576.png 768w\" sizes=\"(max-width: 800px) 100vw, 800px\" \/><\/figure><\/li><li class=\"blocks-gallery-item\"><figure><img decoding=\"async\" loading=\"lazy\" width=\"800\" height=\"600\" src=\"http:\/\/www.cool-project.cz\/wp-content\/uploads\/2020\/02\/chiller_100kw.png\" alt=\"\" data-id=\"128\" data-link=\"http:\/\/www.cool-project.cz\/?attachment_id=128\" class=\"wp-image-128\" srcset=\"https:\/\/www.cool-project.cz\/wp-content\/uploads\/2020\/02\/chiller_100kw.png 800w, https:\/\/www.cool-project.cz\/wp-content\/uploads\/2020\/02\/chiller_100kw-300x225.png 300w, https:\/\/www.cool-project.cz\/wp-content\/uploads\/2020\/02\/chiller_100kw-768x576.png 768w\" sizes=\"(max-width: 800px) 100vw, 800px\" \/><\/figure><\/li><li class=\"blocks-gallery-item\"><figure><img decoding=\"async\" loading=\"lazy\" width=\"356\" height=\"537\" src=\"http:\/\/www.cool-project.cz\/wp-content\/uploads\/2020\/02\/AZ_KOVO_chiller_5kW_rev1_1.png\" alt=\"\" data-id=\"123\" data-link=\"http:\/\/www.cool-project.cz\/?attachment_id=123\" class=\"wp-image-123\" srcset=\"https:\/\/www.cool-project.cz\/wp-content\/uploads\/2020\/02\/AZ_KOVO_chiller_5kW_rev1_1.png 356w, https:\/\/www.cool-project.cz\/wp-content\/uploads\/2020\/02\/AZ_KOVO_chiller_5kW_rev1_1-199x300.png 199w\" sizes=\"(max-width: 356px) 100vw, 356px\" \/><\/figure><\/li><\/ul>\n\n\n\n<p>Ve\u0161ker\u00e9 konstruk\u010dn\u00ed n\u00e1vrhy nejd\u0159\u00edve podrobujeme 3d modelu, u kter\u00e9ho je mo\u017en\u00e9 zohlednit ve\u0161ker\u00e9 provozn\u00ed po\u017eadavky, resp. po\u017eadavky na p\u0159\u00edstup pro servis a \u00fadr\u017ebu. Na\u0161e syst\u00e9my b\u00fdvaj\u00ed vesm\u011bs pln\u011b automatizovan\u00e9 a nevy\u017eaduj\u00ed krom z\u00e1kladn\u00ed \u00fadr\u017eby, nap\u0159. \u010di\u0161t\u011bn\u00ed vzduchov\u00fdch chladi\u010d\u016f \u010di manu\u00e1ln\u00edch vodn\u00edch filtr\u016f, \u017e\u00e1dnou trvalou p\u0159\u00edtomnost obsluhy. <\/p>\n\n\n\n<ul class=\"is-layout-flex wp-block-gallery-5 wp-block-gallery columns-2 is-cropped\"><li class=\"blocks-gallery-item\"><figure><img decoding=\"async\" loading=\"lazy\" width=\"1024\" height=\"768\" src=\"http:\/\/www.cool-project.cz\/wp-content\/uploads\/2020\/02\/COBA_V4_V5_VL16_rev.1_9-1024x768.png\" alt=\"\" data-id=\"140\" data-link=\"http:\/\/www.cool-project.cz\/?attachment_id=140\" class=\"wp-image-140\" srcset=\"https:\/\/www.cool-project.cz\/wp-content\/uploads\/2020\/02\/COBA_V4_V5_VL16_rev.1_9-1024x768.png 1024w, https:\/\/www.cool-project.cz\/wp-content\/uploads\/2020\/02\/COBA_V4_V5_VL16_rev.1_9-300x225.png 300w, https:\/\/www.cool-project.cz\/wp-content\/uploads\/2020\/02\/COBA_V4_V5_VL16_rev.1_9-768x576.png 768w, https:\/\/www.cool-project.cz\/wp-content\/uploads\/2020\/02\/COBA_V4_V5_VL16_rev.1_9.png 1280w\" sizes=\"(max-width: 1024px) 100vw, 1024px\" \/><\/figure><\/li><li class=\"blocks-gallery-item\"><figure><img decoding=\"async\" loading=\"lazy\" width=\"1024\" height=\"768\" src=\"http:\/\/www.cool-project.cz\/wp-content\/uploads\/2020\/02\/20171020_130536-1024x768.jpg\" alt=\"\u010cerpadla GRUNDFOS CR + diskov\u00e1 filtrace AZUD\" data-id=\"111\" data-link=\"http:\/\/www.cool-project.cz\/?attachment_id=111\" class=\"wp-image-111\" srcset=\"https:\/\/www.cool-project.cz\/wp-content\/uploads\/2020\/02\/20171020_130536-1024x768.jpg 1024w, https:\/\/www.cool-project.cz\/wp-content\/uploads\/2020\/02\/20171020_130536-300x225.jpg 300w, https:\/\/www.cool-project.cz\/wp-content\/uploads\/2020\/02\/20171020_130536-768x576.jpg 768w\" sizes=\"(max-width: 1024px) 100vw, 1024px\" \/><figcaption>\u010cerpadla GRUNDFOS CR + diskov\u00e1 filtrace AZUD<\/figcaption><\/figure><\/li><\/ul>\n\n\n\n<p>\n\nNov\u011b nab\u00edz\u00edme i pln\u011b automatizovan\u00e9 filtra\u010dn\u00ed syst\u00e9my vyu\u017e\u00edvaj\u00edc\u00ed ekonomicky v\u00fdhodn\u00fd syst\u00e9m stla\u010den\u00e9ho vzduchu. Samoz\u0159ejmost\u00ed b\u00fdv\u00e1 i vzd\u00e1len\u00fd dohled nad \u0159\u00edzen\u00edm.\n\n<\/p>\n\n\n\n<p>N\u00e1vrhy realizovan\u00e9 firmou LUCO klima s.r.o.  na\u0161ly uplatn\u011bn\u00ed u v\u00fdznamn\u00fdch \u010desk\u00fdch v\u00fdrobc\u016f:<br> <\/p>\n\n\n\n<ul><li> CONTINENTAL BARUM, s.r.o. \/ gum\u00e1rensk\u00fd pr\u016fmysl v\u00edce jak 4MW chlad\u00edc\u00edho v\u00fdkonu, chlad\u00edc\u00ed syst\u00e9my kapalin, rozv\u00e1d\u011b\u010dov\u00e9 chlazen\u00ed, chlazen\u00ed VZT<\/li><li> SPUR a.s. \/ plastik\u00e1\u0159sk\u00fd pr\u016fmysl v\u00edce jak 1MW chlad\u00edc\u00edho v\u00fdkonu<br> chlazen\u00ed technologick\u00e9 vody<\/li><li>FREMACH MORAVA, s.r.o. \/ plastik\u00e1\u0159sk\u00fd pr\u016fmysl, vst\u0159ikovac\u00ed lisy v\u00edce jak 0,5MW chlad\u00edc\u00edho v\u00fdkonu, chlazen\u00ed technologick\u00e9 vody, chlazen\u00ed VZT<\/li><li>PRECIZ, s.r.o. \/ obr\u00e1b\u011bn\u00ed kov\u016f v\u00edce jak 300kW chlad\u00edc\u00edho v\u00fdkonu<br> chlazen\u00ed obr\u00e1b\u011bc\u00ed emulze<\/li><li>WOCO STV s.r.o. \/ automobilov\u00fd pr\u016fmysl v\u00edce jak 300kW chlad\u00edc\u00edho v\u00fdkonu, chlazen\u00ed technologick\u00e9 vody <\/li><\/ul>\n","protected":false},"excerpt":{"rendered":"<p>Ji\u017e od roku 2000 se pohybujeme v oblasti n\u00e1vrh\u016f chlad\u00edrensk\u00fdch syst\u00e9m\u016f. Syst\u00e9my se zam\u011b\u0159en\u00edm na rozv\u00e1d\u011b\u010dovou techniku s chlad\u00edc\u00edm v\u00fdkonem v \u0159\u00e1dech stovek watt\u016f&nbsp; postupem \u010dasu p\u0159e\u0161ly a\u017e na centr\u00e1ln\u00ed chlad\u00edc\u00ed syst\u00e9my v \u0159\u00e1du jednotek megawatt. Navrhujeme modern\u00ed energeticky \u00fasporn\u00e9 chlad\u00edc\u00ed syst\u00e9my. P\u0159i n\u00e1vrz\u00edch vych\u00e1z\u00edme z ji\u017e realizovan\u00fdch projekt\u016f a zku\u0161enost\u00ed jejich u\u017eivatel\u016f s \u00fa\u010dinnost\u00ed [&hellip;]<\/p>\n","protected":false},"author":1,"featured_media":0,"parent":0,"menu_order":0,"comment_status":"closed","ping_status":"closed","template":"","meta":[],"_links":{"self":[{"href":"https:\/\/www.cool-project.cz\/index.php?rest_route=\/wp\/v2\/pages\/7"}],"collection":[{"href":"https:\/\/www.cool-project.cz\/index.php?rest_route=\/wp\/v2\/pages"}],"about":[{"href":"https:\/\/www.cool-project.cz\/index.php?rest_route=\/wp\/v2\/types\/page"}],"author":[{"embeddable":true,"href":"https:\/\/www.cool-project.cz\/index.php?rest_route=\/wp\/v2\/users\/1"}],"replies":[{"embeddable":true,"href":"https:\/\/www.cool-project.cz\/index.php?rest_route=%2Fwp%2Fv2%2Fcomments&post=7"}],"version-history":[{"count":11,"href":"https:\/\/www.cool-project.cz\/index.php?rest_route=\/wp\/v2\/pages\/7\/revisions"}],"predecessor-version":[{"id":170,"href":"https:\/\/www.cool-project.cz\/index.php?rest_route=\/wp\/v2\/pages\/7\/revisions\/170"}],"wp:attachment":[{"href":"https:\/\/www.cool-project.cz\/index.php?rest_route=%2Fwp%2Fv2%2Fmedia&parent=7"}],"curies":[{"name":"wp","href":"https:\/\/api.w.org\/{rel}","templated":true}]}}