{"id":6,"date":"2020-02-01T16:29:58","date_gmt":"2020-02-01T15:29:58","guid":{"rendered":"http:\/\/www.cool-project.cz\/?page_id=6"},"modified":"2022-09-05T18:10:09","modified_gmt":"2022-09-05T16:10:09","slug":"domu","status":"publish","type":"page","link":"https:\/\/www.cool-project.cz\/?page_id=6","title":{"rendered":"Dom\u016f"},"content":{"rendered":"\n<p>Nab\u00edz\u00edme modern\u00ed pr\u016fmyslov\u00e9 chlad\u00edc\u00edch syst\u00e9my na zak\u00e1zku, p\u0159\u00edpadn\u011b standardn\u00ed v\u00fdrobky od osv\u011bd\u010den\u00fdch v\u00fdrobc\u016f, jejich \u0159\u00edzen\u00ed, z\u00e1znam dat a vizualizace, manu\u00e1ln\u00ed, polo a i pln\u011b automatick\u00e9 diskov\u00e9 filtrace vody, \u010derpadla, men\u0161\u00ed specializovan\u00e9 VZT syst\u00e9my. <\/p>\n\n\n\n<figure class=\"is-layout-flex wp-block-gallery-1 wp-block-gallery columns-2 is-cropped\"><ul class=\"blocks-gallery-grid\"><li class=\"blocks-gallery-item\"><figure><img decoding=\"async\" loading=\"lazy\" width=\"1024\" height=\"578\" src=\"http:\/\/www.cool-project.cz\/wp-content\/uploads\/2020\/02\/IMG_20200108_101544-1024x578.jpg\" alt=\"\" data-id=\"35\" data-full-url=\"http:\/\/www.cool-project.cz\/wp-content\/uploads\/2020\/02\/IMG_20200108_101544.jpg\" data-link=\"http:\/\/www.cool-project.cz\/?attachment_id=35\" class=\"wp-image-35\" srcset=\"https:\/\/www.cool-project.cz\/wp-content\/uploads\/2020\/02\/IMG_20200108_101544-1024x578.jpg 1024w, https:\/\/www.cool-project.cz\/wp-content\/uploads\/2020\/02\/IMG_20200108_101544-300x169.jpg 300w, https:\/\/www.cool-project.cz\/wp-content\/uploads\/2020\/02\/IMG_20200108_101544-768x434.jpg 768w\" sizes=\"(max-width: 1024px) 100vw, 1024px\" \/><figcaption class=\"blocks-gallery-item__caption\">D\u00edlensk\u00e1 v\u00fdroba chilleru<\/figcaption><\/figure><\/li><li class=\"blocks-gallery-item\"><figure><img decoding=\"async\" loading=\"lazy\" width=\"800\" height=\"600\" src=\"http:\/\/www.cool-project.cz\/wp-content\/uploads\/2021\/03\/20200825_152732.jpg\" alt=\"\" data-id=\"426\" data-full-url=\"http:\/\/www.cool-project.cz\/wp-content\/uploads\/2021\/03\/20200825_152732.jpg\" data-link=\"http:\/\/www.cool-project.cz\/?attachment_id=426\" class=\"wp-image-426\" srcset=\"https:\/\/www.cool-project.cz\/wp-content\/uploads\/2021\/03\/20200825_152732.jpg 800w, https:\/\/www.cool-project.cz\/wp-content\/uploads\/2021\/03\/20200825_152732-300x225.jpg 300w, https:\/\/www.cool-project.cz\/wp-content\/uploads\/2021\/03\/20200825_152732-768x576.jpg 768w\" sizes=\"(max-width: 800px) 100vw, 800px\" \/><figcaption class=\"blocks-gallery-item__caption\">V\u00fdroba ocelov\u00fdch konstrukc\u00ed<\/figcaption><\/figure><\/li><\/ul><\/figure>\n\n\n<p>Hlavn\u00ed obory na\u0161eho zam\u011b\u0159en\u00ed jsou:<\/p>\n<ul>\n<li>Chlazen\u00ed vody \u010di pr\u016fmyslov\u00fdch kapalin<\/li>\n<li>Chlazen\u00ed obr\u00e1b\u011bc\u00edch stroj\u016f<\/li>\n<li>Chlazen\u00ed forem vst\u0159ikovac\u00edch lis\u016f<\/li>\n<li>Syst\u00e9my chlazen\u00ed pro vzduchotechnickou, klimatiza\u010dn\u00ed a rozv\u00e1d\u011b\u010dovou techniku<\/li>\n<li>Distribuce kapalin&nbsp;<\/li>\n<li>Filtrace kapalin<\/li>\n<li>\u00dapravny kapalin PH, zm\u011bk\u010dova\u010de, d\u00e1vkova\u010de biocidu<\/li>\n<li>M\u011b\u0159en\u00ed pr\u016ftoku a spot\u0159eby energie<\/li>\n<li>Chlazen\u00ed pro gastro za\u0159\u00edzen\u00ed a chlad\u00edc\u00ed boxy<\/li>\n<\/ul>\n<p>P\u0159i n\u00e1vrz\u00edch zak\u00e1zkov\u00e9 v\u00fdroby preferujeme renomovan\u00e9 v\u00fdrobce:<\/p>\n<ul>\n<li>EMERSON \/ kompresory COPELAND, elektronick\u00e9 \u0159\u00edd\u00edc\u00ed syst\u00e9my&nbsp; DIXELL, chlad\u00edc\u00ed komponenty ALCO<\/li>\n<li>G\u00dcNTNER \/ vzduchem chlazen\u00e9 kondenz\u00e1tory \u010di freecooling<\/li>\n<li>SWEP a TRANTER \/ p\u00e1jen\u00e9 \u010di skl\u00e1dan\u00e9 deskov\u00e9 p\u0159\u00edpadn\u011b trubkov\u00e9 v\u00fdm\u011bn\u00edky<\/li>\n<li>GRUNDFOS \/ frekven\u010dn\u011b \u0159\u00edzen\u00e1 distribu\u010dn\u00ed \u010derpadla<\/li>\n<li>RELIANCE \/ hmi-scada syst\u00e9m<\/li>\n<li>AZUD \/ automatick\u00e1 diskov\u00e1 filtrace kapalin<\/li>\n<li>RITTAL \/ rozv\u00e1d\u011b\u010dov\u00e1 technika<\/li>\n<\/ul>\n<p>P\u0159i v\u00fdb\u011bru standardn\u00edch v\u00fdrobk\u016f nab\u00edz\u00edme:<\/p>\n<ul>\n<li>JDK \/ chlad\u00edc\u00ed technika a chillery<\/li>\n<li>SINCLAIR \/ kondenza\u010dn\u00ed jednotky s \u0159\u00edzen\u00edm v\u00fdkonu , chillery<\/li>\n<\/ul>","protected":false},"excerpt":{"rendered":"<p>Nab\u00edz\u00edme modern\u00ed pr\u016fmyslov\u00e9 chlad\u00edc\u00edch syst\u00e9my na zak\u00e1zku, p\u0159\u00edpadn\u011b standardn\u00ed v\u00fdrobky od osv\u011bd\u010den\u00fdch v\u00fdrobc\u016f, jejich \u0159\u00edzen\u00ed, z\u00e1znam dat a vizualizace, manu\u00e1ln\u00ed, polo a i pln\u011b automatick\u00e9 diskov\u00e9 filtrace vody, \u010derpadla, men\u0161\u00ed specializovan\u00e9 VZT syst\u00e9my. Hlavn\u00ed obory na\u0161eho zam\u011b\u0159en\u00ed jsou: Chlazen\u00ed vody \u010di pr\u016fmyslov\u00fdch kapalin Chlazen\u00ed obr\u00e1b\u011bc\u00edch stroj\u016f Chlazen\u00ed forem vst\u0159ikovac\u00edch lis\u016f Syst\u00e9my chlazen\u00ed pro vzduchotechnickou, klimatiza\u010dn\u00ed [&hellip;]<\/p>\n","protected":false},"author":1,"featured_media":0,"parent":0,"menu_order":0,"comment_status":"closed","ping_status":"closed","template":"","meta":[],"_links":{"self":[{"href":"https:\/\/www.cool-project.cz\/index.php?rest_route=\/wp\/v2\/pages\/6"}],"collection":[{"href":"https:\/\/www.cool-project.cz\/index.php?rest_route=\/wp\/v2\/pages"}],"about":[{"href":"https:\/\/www.cool-project.cz\/index.php?rest_route=\/wp\/v2\/types\/page"}],"author":[{"embeddable":true,"href":"https:\/\/www.cool-project.cz\/index.php?rest_route=\/wp\/v2\/users\/1"}],"replies":[{"embeddable":true,"href":"https:\/\/www.cool-project.cz\/index.php?rest_route=%2Fwp%2Fv2%2Fcomments&post=6"}],"version-history":[{"count":16,"href":"https:\/\/www.cool-project.cz\/index.php?rest_route=\/wp\/v2\/pages\/6\/revisions"}],"predecessor-version":[{"id":504,"href":"https:\/\/www.cool-project.cz\/index.php?rest_route=\/wp\/v2\/pages\/6\/revisions\/504"}],"wp:attachment":[{"href":"https:\/\/www.cool-project.cz\/index.php?rest_route=%2Fwp%2Fv2%2Fmedia&parent=6"}],"curies":[{"name":"wp","href":"https:\/\/api.w.org\/{rel}","templated":true}]}}