{"id":157,"date":"2020-02-03T11:54:32","date_gmt":"2020-02-03T10:54:32","guid":{"rendered":"http:\/\/www.cool-project.cz\/?page_id=157"},"modified":"2021-05-21T11:31:08","modified_gmt":"2021-05-21T09:31:08","slug":"filtrace","status":"publish","type":"page","link":"https:\/\/www.cool-project.cz\/?page_id=157","title":{"rendered":"Filtrace"},"content":{"rendered":"\n<p>Za dobu p\u016fsoben\u00ed v oblastech chlazen\u00ed kapalin, p\u0159edev\u0161\u00edm pak vody, vyvstal po\u017eadavek na filtrov\u00e1n\u00ed pevn\u00fdch ne\u010distot, jak pro ochranu chlad\u00edc\u00edch agreg\u00e1t\u016f, tak i samotn\u00fdch chlazen\u00fdch za\u0159\u00edzen\u00ed, zvl\u00e1\u0161t\u011b pak u otev\u0159en\u00fdch syst\u00e9m\u016f. Nejlep\u0161\u00edm \u0159e\u0161en\u00edm se z pohledu kvality filtrace, ale p\u0159edev\u0161\u00edm snadn\u00e9 manipulace p\u0159i \u00fadr\u017eb\u011b \u010di naprost\u00e9 samostatnosti p\u0159i provozu, jev\u00ed v\u00fdhradn\u011b diskov\u00e9 filtrace firmy AZUD. Jedn\u00e1 se o manu\u00e1ln\u00ed, poloautomatick\u00e9 a pln\u011b automatick\u00e9 filtra\u010dn\u00ed syst\u00e9my se zp\u011btn\u00fdm proplachem za vyu\u017eit\u00ed filtrovan\u00e9 vody, tlakov\u00e9 vody \u010di nov\u011b i stla\u010den\u00e9ho vzduchu. U automatick\u00fdch filtrac\u00ed nab\u00edz\u00edme jak standardn\u00ed syst\u00e9m \u0159\u00edzen\u00ed, tak i n\u00e1mi programovateln\u00e9 automaty akceptuj\u00edc\u00ed speci\u00e1ln\u00ed po\u017eadavky dan\u00e9 technologie.<\/p>\n\n\n\n<figure class=\"is-layout-flex wp-block-gallery-1 wp-block-gallery columns-3 is-cropped\"><ul class=\"blocks-gallery-grid\"><li class=\"blocks-gallery-item\"><figure><img decoding=\"async\" loading=\"lazy\" width=\"1024\" height=\"768\" src=\"http:\/\/www.cool-project.cz\/wp-content\/uploads\/2020\/02\/20171020_140038-1024x768.jpg\" alt=\"Automatick\u00e1 diskov\u00e1 filtrace AZUD 2\" data-id=\"106\" data-link=\"http:\/\/www.cool-project.cz\/?attachment_id=106\" class=\"wp-image-106\" srcset=\"https:\/\/www.cool-project.cz\/wp-content\/uploads\/2020\/02\/20171020_140038-1024x768.jpg 1024w, https:\/\/www.cool-project.cz\/wp-content\/uploads\/2020\/02\/20171020_140038-300x225.jpg 300w, https:\/\/www.cool-project.cz\/wp-content\/uploads\/2020\/02\/20171020_140038-768x576.jpg 768w\" sizes=\"(max-width: 1024px) 100vw, 1024px\" \/><figcaption class=\"blocks-gallery-item__caption\">Automatick\u00e1 diskov\u00e1 filtrace AZUD 2<\/figcaption><\/figure><\/li><li class=\"blocks-gallery-item\"><figure><img decoding=\"async\" loading=\"lazy\" width=\"1024\" height=\"768\" src=\"http:\/\/www.cool-project.cz\/wp-content\/uploads\/2020\/02\/20171020_135936-1024x768.jpg\" alt=\"Automatick\u00e1 diskov\u00e1 filtrace AZUD\" data-id=\"107\" data-link=\"http:\/\/www.cool-project.cz\/?attachment_id=107\" class=\"wp-image-107\" srcset=\"https:\/\/www.cool-project.cz\/wp-content\/uploads\/2020\/02\/20171020_135936-1024x768.jpg 1024w, https:\/\/www.cool-project.cz\/wp-content\/uploads\/2020\/02\/20171020_135936-300x225.jpg 300w, https:\/\/www.cool-project.cz\/wp-content\/uploads\/2020\/02\/20171020_135936-768x576.jpg 768w\" sizes=\"(max-width: 1024px) 100vw, 1024px\" \/><figcaption class=\"blocks-gallery-item__caption\">Automatick\u00e1 diskov\u00e1 filtrace AZUD<\/figcaption><\/figure><\/li><li class=\"blocks-gallery-item\"><figure><img decoding=\"async\" loading=\"lazy\" width=\"1024\" height=\"768\" src=\"http:\/\/www.cool-project.cz\/wp-content\/uploads\/2020\/02\/20171020_135632-1024x768.jpg\" alt=\"\u010cerpadla GRUNDFOS CM a AZUD filtrace\" data-id=\"105\" data-link=\"http:\/\/www.cool-project.cz\/?attachment_id=105\" class=\"wp-image-105\" srcset=\"https:\/\/www.cool-project.cz\/wp-content\/uploads\/2020\/02\/20171020_135632-1024x768.jpg 1024w, https:\/\/www.cool-project.cz\/wp-content\/uploads\/2020\/02\/20171020_135632-300x225.jpg 300w, https:\/\/www.cool-project.cz\/wp-content\/uploads\/2020\/02\/20171020_135632-768x576.jpg 768w\" sizes=\"(max-width: 1024px) 100vw, 1024px\" \/><figcaption class=\"blocks-gallery-item__caption\">\u010cerpadla GRUNDFOS CM a AZUD filtrace<\/figcaption><\/figure><\/li><li class=\"blocks-gallery-item\"><figure><img decoding=\"async\" loading=\"lazy\" width=\"768\" height=\"1024\" src=\"http:\/\/www.cool-project.cz\/wp-content\/uploads\/2020\/02\/20191220_170836-e1580574638428-768x1024.jpg\" alt=\"Diskov\u00e1 filtrace\" data-id=\"54\" data-link=\"http:\/\/www.cool-project.cz\/?attachment_id=54\" class=\"wp-image-54\" srcset=\"https:\/\/www.cool-project.cz\/wp-content\/uploads\/2020\/02\/20191220_170836-e1580574638428-768x1024.jpg 768w, https:\/\/www.cool-project.cz\/wp-content\/uploads\/2020\/02\/20191220_170836-e1580574638428-225x300.jpg 225w\" sizes=\"(max-width: 768px) 100vw, 768px\" \/><figcaption class=\"blocks-gallery-item__caption\">Diskov\u00e1 filtrace<\/figcaption><\/figure><\/li><li class=\"blocks-gallery-item\"><figure><img decoding=\"async\" loading=\"lazy\" width=\"768\" height=\"1024\" src=\"http:\/\/www.cool-project.cz\/wp-content\/uploads\/2020\/02\/20191220_170643-e1580574690697-768x1024.jpg\" alt=\"\u0158\u00edd\u00edc\u00ed rozvad\u011b\u010d s PLC Emerson Dixell\" data-id=\"51\" data-link=\"http:\/\/www.cool-project.cz\/?attachment_id=51\" class=\"wp-image-51\" srcset=\"https:\/\/www.cool-project.cz\/wp-content\/uploads\/2020\/02\/20191220_170643-e1580574690697-768x1024.jpg 768w, https:\/\/www.cool-project.cz\/wp-content\/uploads\/2020\/02\/20191220_170643-e1580574690697-225x300.jpg 225w\" sizes=\"(max-width: 768px) 100vw, 768px\" \/><figcaption class=\"blocks-gallery-item__caption\">\u0158\u00edd\u00edc\u00ed rozvad\u011b\u010d s PLC Emerson Dixell<\/figcaption><\/figure><\/li><li class=\"blocks-gallery-item\"><figure><img decoding=\"async\" loading=\"lazy\" width=\"1024\" height=\"768\" src=\"http:\/\/www.cool-project.cz\/wp-content\/uploads\/2020\/02\/20170110_103118-1024x768.jpg\" alt=\"Azud zak\u00e1zkov\u00e1 v\u00fdroba automatick\u00fdch filtr\u016f\" data-id=\"276\" data-link=\"http:\/\/www.cool-project.cz\/?attachment_id=276\" class=\"wp-image-276\" srcset=\"https:\/\/www.cool-project.cz\/wp-content\/uploads\/2020\/02\/20170110_103118-1024x768.jpg 1024w, https:\/\/www.cool-project.cz\/wp-content\/uploads\/2020\/02\/20170110_103118-300x225.jpg 300w, https:\/\/www.cool-project.cz\/wp-content\/uploads\/2020\/02\/20170110_103118-768x576.jpg 768w\" sizes=\"(max-width: 1024px) 100vw, 1024px\" \/><figcaption class=\"blocks-gallery-item__caption\">Azud zak\u00e1zkov\u00e1 v\u00fdroba automatick\u00fdch filtr\u016f<\/figcaption><\/figure><\/li><li class=\"blocks-gallery-item\"><figure><img decoding=\"async\" loading=\"lazy\" width=\"1024\" height=\"768\" src=\"http:\/\/www.cool-project.cz\/wp-content\/uploads\/2020\/02\/20161217_112450-1024x768.jpg\" alt=\"Azud zak\u00e1zkov\u00e1 v\u00fdroba automatick\u00fdch filtr\u016f\" data-id=\"277\" data-link=\"http:\/\/www.cool-project.cz\/?attachment_id=277\" class=\"wp-image-277\" srcset=\"https:\/\/www.cool-project.cz\/wp-content\/uploads\/2020\/02\/20161217_112450-1024x768.jpg 1024w, https:\/\/www.cool-project.cz\/wp-content\/uploads\/2020\/02\/20161217_112450-300x225.jpg 300w, https:\/\/www.cool-project.cz\/wp-content\/uploads\/2020\/02\/20161217_112450-768x576.jpg 768w\" sizes=\"(max-width: 1024px) 100vw, 1024px\" \/><figcaption class=\"blocks-gallery-item__caption\">Azud zak\u00e1zkov\u00e1 v\u00fdroba automatick\u00fdch filtr\u016f<\/figcaption><\/figure><\/li><li class=\"blocks-gallery-item\"><figure><img decoding=\"async\" loading=\"lazy\" width=\"1024\" height=\"768\" src=\"http:\/\/www.cool-project.cz\/wp-content\/uploads\/2020\/02\/20161217_112310-1024x768.jpg\" alt=\"Azud zak\u00e1zkov\u00e1 v\u00fdroba automatick\u00fdch filtr\u016f\" data-id=\"278\" data-link=\"http:\/\/www.cool-project.cz\/?attachment_id=278\" class=\"wp-image-278\" srcset=\"https:\/\/www.cool-project.cz\/wp-content\/uploads\/2020\/02\/20161217_112310-1024x768.jpg 1024w, https:\/\/www.cool-project.cz\/wp-content\/uploads\/2020\/02\/20161217_112310-300x225.jpg 300w, https:\/\/www.cool-project.cz\/wp-content\/uploads\/2020\/02\/20161217_112310-768x576.jpg 768w\" sizes=\"(max-width: 1024px) 100vw, 1024px\" \/><figcaption class=\"blocks-gallery-item__caption\">Azud zak\u00e1zkov\u00e1 v\u00fdroba automatick\u00fdch filtr\u016f<\/figcaption><\/figure><\/li><li class=\"blocks-gallery-item\"><figure><img decoding=\"async\" loading=\"lazy\" width=\"1024\" height=\"768\" src=\"http:\/\/www.cool-project.cz\/wp-content\/uploads\/2020\/02\/20171020_130738-1024x768.jpg\" alt=\"D\u00e1vkovac\u00ed \u010derpadlo Grundfos\" data-id=\"272\" data-link=\"http:\/\/www.cool-project.cz\/?attachment_id=272\" class=\"wp-image-272\" srcset=\"https:\/\/www.cool-project.cz\/wp-content\/uploads\/2020\/02\/20171020_130738-1024x768.jpg 1024w, https:\/\/www.cool-project.cz\/wp-content\/uploads\/2020\/02\/20171020_130738-300x225.jpg 300w, https:\/\/www.cool-project.cz\/wp-content\/uploads\/2020\/02\/20171020_130738-768x576.jpg 768w\" sizes=\"(max-width: 1024px) 100vw, 1024px\" \/><figcaption class=\"blocks-gallery-item__caption\">D\u00e1vkovac\u00ed \u010derpadlo Grundfos<\/figcaption><\/figure><\/li><li class=\"blocks-gallery-item\"><figure><img decoding=\"async\" loading=\"lazy\" width=\"1024\" height=\"576\" src=\"http:\/\/www.cool-project.cz\/wp-content\/uploads\/2020\/02\/IMG_20171010_101123-1024x576.jpg\" alt=\"Zanesen\u00ed diskov\u00e9ho filtru AZUD HELIX\" data-id=\"109\" data-link=\"http:\/\/www.cool-project.cz\/?attachment_id=109\" class=\"wp-image-109\" srcset=\"https:\/\/www.cool-project.cz\/wp-content\/uploads\/2020\/02\/IMG_20171010_101123-1024x576.jpg 1024w, https:\/\/www.cool-project.cz\/wp-content\/uploads\/2020\/02\/IMG_20171010_101123-300x169.jpg 300w, https:\/\/www.cool-project.cz\/wp-content\/uploads\/2020\/02\/IMG_20171010_101123-768x432.jpg 768w\" sizes=\"(max-width: 1024px) 100vw, 1024px\" \/><figcaption class=\"blocks-gallery-item__caption\">Zanesen\u00ed diskov\u00e9ho filtru AZUD HELIX<\/figcaption><\/figure><\/li><\/ul><\/figure>\n","protected":false},"excerpt":{"rendered":"<p>Za dobu p\u016fsoben\u00ed v oblastech chlazen\u00ed kapalin, p\u0159edev\u0161\u00edm pak vody, vyvstal po\u017eadavek na filtrov\u00e1n\u00ed pevn\u00fdch ne\u010distot, jak pro ochranu chlad\u00edc\u00edch agreg\u00e1t\u016f, tak i samotn\u00fdch chlazen\u00fdch za\u0159\u00edzen\u00ed, zvl\u00e1\u0161t\u011b pak u otev\u0159en\u00fdch syst\u00e9m\u016f. Nejlep\u0161\u00edm \u0159e\u0161en\u00edm se z pohledu kvality filtrace, ale p\u0159edev\u0161\u00edm snadn\u00e9 manipulace p\u0159i \u00fadr\u017eb\u011b \u010di naprost\u00e9 samostatnosti p\u0159i provozu, jev\u00ed v\u00fdhradn\u011b diskov\u00e9 filtrace firmy AZUD. [&hellip;]<\/p>\n","protected":false},"author":1,"featured_media":0,"parent":0,"menu_order":0,"comment_status":"closed","ping_status":"closed","template":"","meta":[],"_links":{"self":[{"href":"https:\/\/www.cool-project.cz\/index.php?rest_route=\/wp\/v2\/pages\/157"}],"collection":[{"href":"https:\/\/www.cool-project.cz\/index.php?rest_route=\/wp\/v2\/pages"}],"about":[{"href":"https:\/\/www.cool-project.cz\/index.php?rest_route=\/wp\/v2\/types\/page"}],"author":[{"embeddable":true,"href":"https:\/\/www.cool-project.cz\/index.php?rest_route=\/wp\/v2\/users\/1"}],"replies":[{"embeddable":true,"href":"https:\/\/www.cool-project.cz\/index.php?rest_route=%2Fwp%2Fv2%2Fcomments&post=157"}],"version-history":[{"count":4,"href":"https:\/\/www.cool-project.cz\/index.php?rest_route=\/wp\/v2\/pages\/157\/revisions"}],"predecessor-version":[{"id":456,"href":"https:\/\/www.cool-project.cz\/index.php?rest_route=\/wp\/v2\/pages\/157\/revisions\/456"}],"wp:attachment":[{"href":"https:\/\/www.cool-project.cz\/index.php?rest_route=%2Fwp%2Fv2%2Fmedia&parent=157"}],"curies":[{"name":"wp","href":"https:\/\/api.w.org\/{rel}","templated":true}]}}