{"id":155,"date":"2020-02-03T11:54:01","date_gmt":"2020-02-03T10:54:01","guid":{"rendered":"http:\/\/www.cool-project.cz\/?page_id=155"},"modified":"2020-02-24T10:55:22","modified_gmt":"2020-02-24T09:55:22","slug":"cerpadla","status":"publish","type":"page","link":"https:\/\/www.cool-project.cz\/?page_id=155","title":{"rendered":"\u010cerpadla"},"content":{"rendered":"\n<p>V r\u00e1mci realizac\u00ed centr\u00e1ln\u00ed kapalinov\u00fdch chlad\u00edc\u00edch syst\u00e9m\u016f jsme si osvojili i n\u00e1vrhy a dod\u00e1vky \u010derpadel Grundfos , p\u0159edev\u0161\u00edm pak typ\u016f CR, CM, TP a vnorn\u00fdch  MTH. \u0158\u00edzen\u00ed v\u00fdkonu \u0159e\u0161\u00edme prost\u0159ednictv\u00ed osv\u011bd\u010den\u00fdch frekven\u010dn\u00edch m\u011bni\u010d\u016f firem Vacon, Siemens \u010di Invertek a to i v\u010detn\u011b funkc\u00ed \u0159\u00edzen\u00ed na konstantn\u00ed tlak, pr\u016ftok \u010di dopl\u0148kov\u011b s funkcemi sleep apod.. Okrajov\u011b nab\u00edz\u00edme i d\u00e1vkovac\u00ed \u010derpadla pro d\u00e1vkov\u00e1n\u00ed chemik\u00e1li\u00ed pro \u00fapravu vody.<\/p>\n\n\n\n<ul class=\"is-layout-flex wp-block-gallery-1 wp-block-gallery columns-3 is-cropped\"><li class=\"blocks-gallery-item\"><figure><img decoding=\"async\" loading=\"lazy\" width=\"768\" height=\"1024\" src=\"http:\/\/www.cool-project.cz\/wp-content\/uploads\/2020\/02\/20180411_112318-e1582107422998-768x1024.jpg\" alt=\"\" data-id=\"262\" data-link=\"http:\/\/www.cool-project.cz\/?attachment_id=262\" class=\"wp-image-262\" srcset=\"https:\/\/www.cool-project.cz\/wp-content\/uploads\/2020\/02\/20180411_112318-e1582107422998-768x1024.jpg 768w, https:\/\/www.cool-project.cz\/wp-content\/uploads\/2020\/02\/20180411_112318-e1582107422998-225x300.jpg 225w\" sizes=\"(max-width: 768px) 100vw, 768px\" \/><figcaption> \u010cerpadla GRUNDFOS <\/figcaption><\/figure><\/li><li class=\"blocks-gallery-item\"><figure><img decoding=\"async\" loading=\"lazy\" width=\"1024\" height=\"768\" src=\"http:\/\/www.cool-project.cz\/wp-content\/uploads\/2020\/02\/20150908_083622-1024x768.jpg\" alt=\"\" data-id=\"264\" data-link=\"http:\/\/www.cool-project.cz\/?attachment_id=264\" class=\"wp-image-264\" srcset=\"https:\/\/www.cool-project.cz\/wp-content\/uploads\/2020\/02\/20150908_083622-1024x768.jpg 1024w, https:\/\/www.cool-project.cz\/wp-content\/uploads\/2020\/02\/20150908_083622-300x225.jpg 300w, https:\/\/www.cool-project.cz\/wp-content\/uploads\/2020\/02\/20150908_083622-768x576.jpg 768w\" sizes=\"(max-width: 1024px) 100vw, 1024px\" \/><figcaption> \u010cerpadla GRUNDFOS <\/figcaption><\/figure><\/li><li class=\"blocks-gallery-item\"><figure><img decoding=\"async\" loading=\"lazy\" width=\"1024\" height=\"768\" src=\"http:\/\/www.cool-project.cz\/wp-content\/uploads\/2020\/02\/20150908_083615-1024x768.jpg\" alt=\"\" data-id=\"265\" data-link=\"http:\/\/www.cool-project.cz\/?attachment_id=265\" class=\"wp-image-265\" srcset=\"https:\/\/www.cool-project.cz\/wp-content\/uploads\/2020\/02\/20150908_083615-1024x768.jpg 1024w, https:\/\/www.cool-project.cz\/wp-content\/uploads\/2020\/02\/20150908_083615-300x225.jpg 300w, https:\/\/www.cool-project.cz\/wp-content\/uploads\/2020\/02\/20150908_083615-768x576.jpg 768w\" sizes=\"(max-width: 1024px) 100vw, 1024px\" \/><figcaption> \u010cerpadla GRUNDFOS <\/figcaption><\/figure><\/li><li class=\"blocks-gallery-item\"><figure><img decoding=\"async\" loading=\"lazy\" width=\"1024\" height=\"768\" src=\"http:\/\/www.cool-project.cz\/wp-content\/uploads\/2020\/02\/20180411_111417-1024x768.jpg\" alt=\"\" data-id=\"263\" data-link=\"http:\/\/www.cool-project.cz\/?attachment_id=263\" class=\"wp-image-263\" srcset=\"https:\/\/www.cool-project.cz\/wp-content\/uploads\/2020\/02\/20180411_111417-1024x768.jpg 1024w, https:\/\/www.cool-project.cz\/wp-content\/uploads\/2020\/02\/20180411_111417-300x225.jpg 300w, https:\/\/www.cool-project.cz\/wp-content\/uploads\/2020\/02\/20180411_111417-768x576.jpg 768w\" sizes=\"(max-width: 1024px) 100vw, 1024px\" \/><figcaption> \u010cerpadla GRUNDFOS <\/figcaption><\/figure><\/li><li class=\"blocks-gallery-item\"><figure><img decoding=\"async\" loading=\"lazy\" width=\"1024\" height=\"768\" src=\"http:\/\/www.cool-project.cz\/wp-content\/uploads\/2020\/02\/20171020_130729-1024x768.jpg\" alt=\"\u010cerpadla GRUNDFOS CM\" data-id=\"113\" data-link=\"http:\/\/www.cool-project.cz\/?attachment_id=113\" class=\"wp-image-113\" srcset=\"https:\/\/www.cool-project.cz\/wp-content\/uploads\/2020\/02\/20171020_130729-1024x768.jpg 1024w, https:\/\/www.cool-project.cz\/wp-content\/uploads\/2020\/02\/20171020_130729-300x225.jpg 300w, https:\/\/www.cool-project.cz\/wp-content\/uploads\/2020\/02\/20171020_130729-768x576.jpg 768w\" sizes=\"(max-width: 1024px) 100vw, 1024px\" \/><figcaption>\u010cerpadla GRUNDFOS CM<\/figcaption><\/figure><\/li><li class=\"blocks-gallery-item\"><figure><img decoding=\"async\" loading=\"lazy\" width=\"1024\" height=\"768\" src=\"http:\/\/www.cool-project.cz\/wp-content\/uploads\/2020\/02\/20171020_130536-1024x768.jpg\" alt=\"\u010cerpadla GRUNDFOS CR + diskov\u00e1 filtrace AZUD\" data-id=\"111\" data-link=\"http:\/\/www.cool-project.cz\/?attachment_id=111\" class=\"wp-image-111\" srcset=\"https:\/\/www.cool-project.cz\/wp-content\/uploads\/2020\/02\/20171020_130536-1024x768.jpg 1024w, https:\/\/www.cool-project.cz\/wp-content\/uploads\/2020\/02\/20171020_130536-300x225.jpg 300w, https:\/\/www.cool-project.cz\/wp-content\/uploads\/2020\/02\/20171020_130536-768x576.jpg 768w\" sizes=\"(max-width: 1024px) 100vw, 1024px\" \/><figcaption>\u010cerpadla GRUNDFOS CR + diskov\u00e1 filtrace AZUD<\/figcaption><\/figure><\/li><li class=\"blocks-gallery-item\"><figure><img decoding=\"async\" loading=\"lazy\" width=\"1024\" height=\"768\" src=\"http:\/\/www.cool-project.cz\/wp-content\/uploads\/2020\/02\/20171020_135632-1024x768.jpg\" alt=\"\u010cerpadla GRUNDFOS CM a AZUD filtrace\" data-id=\"105\" data-link=\"http:\/\/www.cool-project.cz\/?attachment_id=105\" class=\"wp-image-105\" srcset=\"https:\/\/www.cool-project.cz\/wp-content\/uploads\/2020\/02\/20171020_135632-1024x768.jpg 1024w, https:\/\/www.cool-project.cz\/wp-content\/uploads\/2020\/02\/20171020_135632-300x225.jpg 300w, https:\/\/www.cool-project.cz\/wp-content\/uploads\/2020\/02\/20171020_135632-768x576.jpg 768w\" sizes=\"(max-width: 1024px) 100vw, 1024px\" \/><figcaption>\u010cerpadla GRUNDFOS CM a AZUD filtrace<\/figcaption><\/figure><\/li><li class=\"blocks-gallery-item\"><figure><img decoding=\"async\" loading=\"lazy\" width=\"768\" height=\"1024\" src=\"http:\/\/www.cool-project.cz\/wp-content\/uploads\/2020\/02\/20200121_131126-e1580574732257-768x1024.jpg\" alt=\"\" data-id=\"32\" data-link=\"http:\/\/www.cool-project.cz\/?attachment_id=32\" class=\"wp-image-32\" srcset=\"https:\/\/www.cool-project.cz\/wp-content\/uploads\/2020\/02\/20200121_131126-e1580574732257-768x1024.jpg 768w, https:\/\/www.cool-project.cz\/wp-content\/uploads\/2020\/02\/20200121_131126-e1580574732257-225x300.jpg 225w, https:\/\/www.cool-project.cz\/wp-content\/uploads\/2020\/02\/20200121_131126-e1580574732257.jpg 1944w\" sizes=\"(max-width: 768px) 100vw, 768px\" \/><figcaption> \u010cerpadla GRUNDFOS <\/figcaption><\/figure><\/li><li class=\"blocks-gallery-item\"><figure><img decoding=\"async\" loading=\"lazy\" width=\"768\" height=\"1024\" src=\"http:\/\/www.cool-project.cz\/wp-content\/uploads\/2020\/02\/20170110_112637-e1582537649341-768x1024.jpg\" alt=\"D\u00e1vkovac\u00ed \u010derpadlo Grunfos\" data-id=\"275\" data-link=\"http:\/\/www.cool-project.cz\/?attachment_id=275\" class=\"wp-image-275\" srcset=\"https:\/\/www.cool-project.cz\/wp-content\/uploads\/2020\/02\/20170110_112637-e1582537649341-768x1024.jpg 768w, https:\/\/www.cool-project.cz\/wp-content\/uploads\/2020\/02\/20170110_112637-e1582537649341-225x300.jpg 225w\" sizes=\"(max-width: 768px) 100vw, 768px\" \/><figcaption>D\u00e1vkovac\u00ed \u010derpadlo Grunfos<\/figcaption><\/figure><\/li><li class=\"blocks-gallery-item\"><figure><img decoding=\"async\" loading=\"lazy\" width=\"1024\" height=\"768\" src=\"http:\/\/www.cool-project.cz\/wp-content\/uploads\/2020\/02\/20170110_112629-1024x768.jpg\" alt=\"D\u00e1vkovac\u00ed \u010derpadlo Grunfos\" data-id=\"274\" data-link=\"http:\/\/www.cool-project.cz\/?attachment_id=274\" class=\"wp-image-274\" srcset=\"https:\/\/www.cool-project.cz\/wp-content\/uploads\/2020\/02\/20170110_112629-1024x768.jpg 1024w, https:\/\/www.cool-project.cz\/wp-content\/uploads\/2020\/02\/20170110_112629-300x225.jpg 300w, https:\/\/www.cool-project.cz\/wp-content\/uploads\/2020\/02\/20170110_112629-768x576.jpg 768w\" sizes=\"(max-width: 1024px) 100vw, 1024px\" \/><figcaption>D\u00e1vkovac\u00ed \u010derpadlo Grunfos<\/figcaption><\/figure><\/li><li class=\"blocks-gallery-item\"><figure><img decoding=\"async\" loading=\"lazy\" width=\"1024\" height=\"768\" src=\"http:\/\/www.cool-project.cz\/wp-content\/uploads\/2020\/02\/20171020_130738-1024x768.jpg\" alt=\"D\u00e1vkovac\u00ed \u010derpadlo Grundfos\" data-id=\"272\" data-link=\"http:\/\/www.cool-project.cz\/?attachment_id=272\" class=\"wp-image-272\" srcset=\"https:\/\/www.cool-project.cz\/wp-content\/uploads\/2020\/02\/20171020_130738-1024x768.jpg 1024w, https:\/\/www.cool-project.cz\/wp-content\/uploads\/2020\/02\/20171020_130738-300x225.jpg 300w, https:\/\/www.cool-project.cz\/wp-content\/uploads\/2020\/02\/20171020_130738-768x576.jpg 768w\" sizes=\"(max-width: 1024px) 100vw, 1024px\" \/><figcaption>D\u00e1vkovac\u00ed \u010derpadlo Grundfos<\/figcaption><\/figure><\/li><\/ul>\n","protected":false},"excerpt":{"rendered":"<p>V r\u00e1mci realizac\u00ed centr\u00e1ln\u00ed kapalinov\u00fdch chlad\u00edc\u00edch syst\u00e9m\u016f jsme si osvojili i n\u00e1vrhy a dod\u00e1vky \u010derpadel Grundfos , p\u0159edev\u0161\u00edm pak typ\u016f CR, CM, TP a vnorn\u00fdch MTH. \u0158\u00edzen\u00ed v\u00fdkonu \u0159e\u0161\u00edme prost\u0159ednictv\u00ed osv\u011bd\u010den\u00fdch frekven\u010dn\u00edch m\u011bni\u010d\u016f firem Vacon, Siemens \u010di Invertek a to i v\u010detn\u011b funkc\u00ed \u0159\u00edzen\u00ed na konstantn\u00ed tlak, pr\u016ftok \u010di dopl\u0148kov\u011b s funkcemi sleep apod.. Okrajov\u011b [&hellip;]<\/p>\n","protected":false},"author":1,"featured_media":0,"parent":0,"menu_order":0,"comment_status":"closed","ping_status":"closed","template":"","meta":[],"_links":{"self":[{"href":"https:\/\/www.cool-project.cz\/index.php?rest_route=\/wp\/v2\/pages\/155"}],"collection":[{"href":"https:\/\/www.cool-project.cz\/index.php?rest_route=\/wp\/v2\/pages"}],"about":[{"href":"https:\/\/www.cool-project.cz\/index.php?rest_route=\/wp\/v2\/types\/page"}],"author":[{"embeddable":true,"href":"https:\/\/www.cool-project.cz\/index.php?rest_route=\/wp\/v2\/users\/1"}],"replies":[{"embeddable":true,"href":"https:\/\/www.cool-project.cz\/index.php?rest_route=%2Fwp%2Fv2%2Fcomments&post=155"}],"version-history":[{"count":7,"href":"https:\/\/www.cool-project.cz\/index.php?rest_route=\/wp\/v2\/pages\/155\/revisions"}],"predecessor-version":[{"id":282,"href":"https:\/\/www.cool-project.cz\/index.php?rest_route=\/wp\/v2\/pages\/155\/revisions\/282"}],"wp:attachment":[{"href":"https:\/\/www.cool-project.cz\/index.php?rest_route=%2Fwp%2Fv2%2Fmedia&parent=155"}],"curies":[{"name":"wp","href":"https:\/\/api.w.org\/{rel}","templated":true}]}}