{"id":153,"date":"2020-02-03T11:53:11","date_gmt":"2020-02-03T10:53:11","guid":{"rendered":"http:\/\/www.cool-project.cz\/?page_id=153"},"modified":"2020-03-28T10:22:56","modified_gmt":"2020-03-28T09:22:56","slug":"chlazeni","status":"publish","type":"page","link":"https:\/\/www.cool-project.cz\/?page_id=153","title":{"rendered":"Chlazen\u00ed"},"content":{"rendered":"\n<p><strong>Chillery <\/strong>&#8211; chlazen\u00ed kapalin, p\u0159edev\u0161\u00edm pak vody pro formy vst\u0159ikolis\u016f, vodn\u00ed l\u00e1zn\u011b chlazen\u00ed profil\u016f z plastu \u010di gumy, vodn\u00ed chlazen\u00ed rozv\u00e1d\u011b\u010d\u016f \u010di vzduchotechnick\u00fdch syst\u00e9m\u016f, chlazen\u00ed nemrznouc\u00edch sm\u011bs\u00ed ethylen \u010di propylenglykolu apod..<\/p>\n\n\n\n<ul class=\"is-layout-flex wp-block-gallery-1 wp-block-gallery columns-3 is-cropped\"><li class=\"blocks-gallery-item\"><figure><img decoding=\"async\" loading=\"lazy\" width=\"1024\" height=\"576\" src=\"http:\/\/www.cool-project.cz\/wp-content\/uploads\/2020\/03\/20200325_093300-1024x576.jpg\" alt=\"3x chiller 1x freecooling\" data-id=\"367\" data-link=\"http:\/\/www.cool-project.cz\/?attachment_id=367\" class=\"wp-image-367\" srcset=\"https:\/\/www.cool-project.cz\/wp-content\/uploads\/2020\/03\/20200325_093300-1024x576.jpg 1024w, https:\/\/www.cool-project.cz\/wp-content\/uploads\/2020\/03\/20200325_093300-300x169.jpg 300w, https:\/\/www.cool-project.cz\/wp-content\/uploads\/2020\/03\/20200325_093300-768x432.jpg 768w\" sizes=\"(max-width: 1024px) 100vw, 1024px\" \/><figcaption>3x chiller 1x freecooling<\/figcaption><\/figure><\/li><li class=\"blocks-gallery-item\"><figure><img decoding=\"async\" loading=\"lazy\" width=\"1024\" height=\"768\" src=\"http:\/\/www.cool-project.cz\/wp-content\/uploads\/2020\/02\/20180913_140334-1-1024x768.jpg\" alt=\"2x chiller 50kW\" data-id=\"172\" data-link=\"http:\/\/www.cool-project.cz\/?attachment_id=172\" class=\"wp-image-172\" srcset=\"https:\/\/www.cool-project.cz\/wp-content\/uploads\/2020\/02\/20180913_140334-1-1024x768.jpg 1024w, https:\/\/www.cool-project.cz\/wp-content\/uploads\/2020\/02\/20180913_140334-1-300x225.jpg 300w, https:\/\/www.cool-project.cz\/wp-content\/uploads\/2020\/02\/20180913_140334-1-768x576.jpg 768w\" sizes=\"(max-width: 1024px) 100vw, 1024px\" \/><figcaption>2x chiller 50kW chlazen\u00ed ethylenglykolu<\/figcaption><\/figure><\/li><li class=\"blocks-gallery-item\"><figure><img decoding=\"async\" loading=\"lazy\" width=\"768\" height=\"1024\" src=\"http:\/\/www.cool-project.cz\/wp-content\/uploads\/2020\/02\/20191220_170643-e1580574690697-768x1024.jpg\" alt=\"\u0158\u00edd\u00edc\u00ed rozvad\u011b\u010d s PLC Emerson Dixell\" data-id=\"51\" data-link=\"http:\/\/www.cool-project.cz\/?attachment_id=51\" class=\"wp-image-51\" srcset=\"https:\/\/www.cool-project.cz\/wp-content\/uploads\/2020\/02\/20191220_170643-e1580574690697-768x1024.jpg 768w, https:\/\/www.cool-project.cz\/wp-content\/uploads\/2020\/02\/20191220_170643-e1580574690697-225x300.jpg 225w\" sizes=\"(max-width: 768px) 100vw, 768px\" \/><figcaption>\u0158\u00edd\u00edc\u00ed rozvad\u011b\u010d s PLC Emerson Dixell<\/figcaption><\/figure><\/li><li class=\"blocks-gallery-item\"><figure><img decoding=\"async\" loading=\"lazy\" width=\"768\" height=\"1024\" src=\"http:\/\/www.cool-project.cz\/wp-content\/uploads\/2020\/02\/20191220_170712-e1580574674156-768x1024.jpg\" alt=\"2x Blokov\u00fd chiller 50kW\" data-id=\"52\" data-link=\"http:\/\/www.cool-project.cz\/?attachment_id=52\" class=\"wp-image-52\" srcset=\"https:\/\/www.cool-project.cz\/wp-content\/uploads\/2020\/02\/20191220_170712-e1580574674156-768x1024.jpg 768w, https:\/\/www.cool-project.cz\/wp-content\/uploads\/2020\/02\/20191220_170712-e1580574674156-225x300.jpg 225w\" sizes=\"(max-width: 768px) 100vw, 768px\" \/><figcaption>2x Blokov\u00fd chiller 50kW<\/figcaption><\/figure><\/li><li class=\"blocks-gallery-item\"><figure><img decoding=\"async\" loading=\"lazy\" width=\"1024\" height=\"681\" src=\"http:\/\/www.cool-project.cz\/wp-content\/uploads\/2020\/02\/022-1024x681.jpg\" alt=\"\" data-id=\"182\" data-link=\"http:\/\/www.cool-project.cz\/?attachment_id=182\" class=\"wp-image-182\" srcset=\"https:\/\/www.cool-project.cz\/wp-content\/uploads\/2020\/02\/022-1024x681.jpg 1024w, https:\/\/www.cool-project.cz\/wp-content\/uploads\/2020\/02\/022-300x199.jpg 300w, https:\/\/www.cool-project.cz\/wp-content\/uploads\/2020\/02\/022-768x511.jpg 768w\" sizes=\"(max-width: 1024px) 100vw, 1024px\" \/><figcaption>Split chiller 2x100kW<\/figcaption><\/figure><\/li><li class=\"blocks-gallery-item\"><figure><img decoding=\"async\" loading=\"lazy\" width=\"1024\" height=\"681\" src=\"http:\/\/www.cool-project.cz\/wp-content\/uploads\/2020\/02\/016-1024x681.jpg\" alt=\"\" data-id=\"178\" data-link=\"http:\/\/www.cool-project.cz\/?attachment_id=178\" class=\"wp-image-178\" srcset=\"https:\/\/www.cool-project.cz\/wp-content\/uploads\/2020\/02\/016-1024x681.jpg 1024w, https:\/\/www.cool-project.cz\/wp-content\/uploads\/2020\/02\/016-300x199.jpg 300w, https:\/\/www.cool-project.cz\/wp-content\/uploads\/2020\/02\/016-768x511.jpg 768w\" sizes=\"(max-width: 1024px) 100vw, 1024px\" \/><figcaption>Split chiller 2x100kW &#8211; rozvad\u011b\u010d + hydromodul<\/figcaption><\/figure><\/li><li class=\"blocks-gallery-item\"><figure><img decoding=\"async\" loading=\"lazy\" width=\"1024\" height=\"768\" src=\"http:\/\/www.cool-project.cz\/wp-content\/uploads\/2020\/02\/20151120_112601-1024x768.jpg\" alt=\"\" data-id=\"183\" data-link=\"http:\/\/www.cool-project.cz\/?attachment_id=183\" class=\"wp-image-183\" srcset=\"https:\/\/www.cool-project.cz\/wp-content\/uploads\/2020\/02\/20151120_112601-1024x768.jpg 1024w, https:\/\/www.cool-project.cz\/wp-content\/uploads\/2020\/02\/20151120_112601-300x225.jpg 300w, https:\/\/www.cool-project.cz\/wp-content\/uploads\/2020\/02\/20151120_112601-768x576.jpg 768w\" sizes=\"(max-width: 1024px) 100vw, 1024px\" \/><figcaption>Split chiller 2x100kW &#8211; kompresory scroll Copeland<\/figcaption><\/figure><\/li><li class=\"blocks-gallery-item\"><figure><img decoding=\"async\" loading=\"lazy\" width=\"1024\" height=\"681\" src=\"http:\/\/www.cool-project.cz\/wp-content\/uploads\/2020\/02\/006-1024x681.jpg\" alt=\"\" data-id=\"176\" data-link=\"http:\/\/www.cool-project.cz\/?attachment_id=176\" class=\"wp-image-176\" srcset=\"https:\/\/www.cool-project.cz\/wp-content\/uploads\/2020\/02\/006-1024x681.jpg 1024w, https:\/\/www.cool-project.cz\/wp-content\/uploads\/2020\/02\/006-300x199.jpg 300w, https:\/\/www.cool-project.cz\/wp-content\/uploads\/2020\/02\/006-768x511.jpg 768w\" sizes=\"(max-width: 1024px) 100vw, 1024px\" \/><figcaption>Split chiller 2x100kW &#8211; kondenz\u00e1tory G\u00fcntner<\/figcaption><\/figure><\/li><li class=\"blocks-gallery-item\"><figure><img decoding=\"async\" loading=\"lazy\" width=\"1024\" height=\"681\" src=\"http:\/\/www.cool-project.cz\/wp-content\/uploads\/2020\/02\/005-1024x681.jpg\" alt=\"\" data-id=\"175\" data-link=\"http:\/\/www.cool-project.cz\/?attachment_id=175\" class=\"wp-image-175\" srcset=\"https:\/\/www.cool-project.cz\/wp-content\/uploads\/2020\/02\/005-1024x681.jpg 1024w, https:\/\/www.cool-project.cz\/wp-content\/uploads\/2020\/02\/005-300x199.jpg 300w, https:\/\/www.cool-project.cz\/wp-content\/uploads\/2020\/02\/005-768x511.jpg 768w\" sizes=\"(max-width: 1024px) 100vw, 1024px\" \/><figcaption>Split chiller 2x100kW &#8211; kondenz\u00e1tory G\u00fcntner<\/figcaption><\/figure><\/li><li class=\"blocks-gallery-item\"><figure><img decoding=\"async\" loading=\"lazy\" width=\"1024\" height=\"768\" src=\"http:\/\/www.cool-project.cz\/wp-content\/uploads\/2020\/02\/20171020_135512-1024x768.jpg\" alt=\"Akumula\u010dn\u00ed n\u00e1dr\u017e\" data-id=\"116\" data-link=\"http:\/\/www.cool-project.cz\/?attachment_id=116\" class=\"wp-image-116\" srcset=\"https:\/\/www.cool-project.cz\/wp-content\/uploads\/2020\/02\/20171020_135512-1024x768.jpg 1024w, https:\/\/www.cool-project.cz\/wp-content\/uploads\/2020\/02\/20171020_135512-300x225.jpg 300w, https:\/\/www.cool-project.cz\/wp-content\/uploads\/2020\/02\/20171020_135512-768x576.jpg 768w\" sizes=\"(max-width: 1024px) 100vw, 1024px\" \/><figcaption>Akumula\u010dn\u00ed n\u00e1dr\u017e<\/figcaption><\/figure><\/li><li class=\"blocks-gallery-item\"><figure><img decoding=\"async\" loading=\"lazy\" width=\"768\" height=\"1024\" src=\"http:\/\/www.cool-project.cz\/wp-content\/uploads\/2020\/02\/20171020_130642-e1580721088577-768x1024.jpg\" alt=\"\u0158ada 12. chiller\u016f 1,2MW\" data-id=\"112\" data-link=\"http:\/\/www.cool-project.cz\/?attachment_id=112\" class=\"wp-image-112\" srcset=\"https:\/\/www.cool-project.cz\/wp-content\/uploads\/2020\/02\/20171020_130642-e1580721088577-768x1024.jpg 768w, https:\/\/www.cool-project.cz\/wp-content\/uploads\/2020\/02\/20171020_130642-e1580721088577-225x300.jpg 225w\" sizes=\"(max-width: 768px) 100vw, 768px\" \/><figcaption>\u0158ada 12. chiller\u016f 1,2MW<\/figcaption><\/figure><\/li><li class=\"blocks-gallery-item\"><figure><img decoding=\"async\" loading=\"lazy\" width=\"1024\" height=\"768\" src=\"http:\/\/www.cool-project.cz\/wp-content\/uploads\/2020\/02\/20171020_135615-1024x768.jpg\" alt=\"\u0158ada blokov\u00fdch chiller\u016f 100kW\" data-id=\"104\" data-link=\"http:\/\/www.cool-project.cz\/?attachment_id=104\" class=\"wp-image-104\" srcset=\"https:\/\/www.cool-project.cz\/wp-content\/uploads\/2020\/02\/20171020_135615-1024x768.jpg 1024w, https:\/\/www.cool-project.cz\/wp-content\/uploads\/2020\/02\/20171020_135615-300x225.jpg 300w, https:\/\/www.cool-project.cz\/wp-content\/uploads\/2020\/02\/20171020_135615-768x576.jpg 768w\" sizes=\"(max-width: 1024px) 100vw, 1024px\" \/><figcaption>\u0158ada blokov\u00fdch chiller\u016f 100kW<\/figcaption><\/figure><\/li><\/ul>\n\n\n\n<p><strong>Rozv\u00e1d\u011b\u010dov\u00e9 chlazen\u00ed <\/strong>&#8211; kompresorov\u00e9 \u010di vodn\u00ed chlazen\u00ed rozv\u00e1d\u011b\u010d\u016f p\u0159\u00edpadn\u011b chlazen\u00ed cel\u00fdch elektrokontajner\u016f prost\u0159ednictv\u00edm vzduchotechniky.<\/p>\n\n\n\n<ul class=\"is-layout-flex wp-block-gallery-3 wp-block-gallery columns-1 is-cropped\"><li class=\"blocks-gallery-item\"><figure><img decoding=\"async\" loading=\"lazy\" width=\"768\" height=\"1024\" src=\"http:\/\/www.cool-project.cz\/wp-content\/uploads\/2020\/02\/20171020_133803-e1580720914999-768x1024.jpg\" alt=\"Silov\u00fd a \u0159\u00edd\u00edc\u00ed rozv\u00e1d\u011b\u010d\" data-id=\"114\" data-link=\"http:\/\/www.cool-project.cz\/?attachment_id=114\" class=\"wp-image-114\" srcset=\"https:\/\/www.cool-project.cz\/wp-content\/uploads\/2020\/02\/20171020_133803-e1580720914999-768x1024.jpg 768w, https:\/\/www.cool-project.cz\/wp-content\/uploads\/2020\/02\/20171020_133803-e1580720914999-225x300.jpg 225w\" sizes=\"(max-width: 768px) 100vw, 768px\" \/><figcaption>Silov\u00fd a \u0159\u00edd\u00edc\u00ed rozv\u00e1d\u011b\u010d<\/figcaption><\/figure><\/li><\/ul>\n\n\n\n<p><strong>VZT<\/strong> &#8211; vzduchotechnick\u00e9 syst\u00e9my pro klimatizov\u00e1n\u00ed v\u00fdrobn\u00edch hal\u00e1 \u010di specializovan\u00e9 syst\u00e9my chlazen\u00ed nap\u0159. ofuky v\u00fdrobk\u016f \u010di profil\u016f<\/p>\n\n\n\n<ul class=\"is-layout-flex wp-block-gallery-5 wp-block-gallery columns-3 is-cropped\"><li class=\"blocks-gallery-item\"><figure><img decoding=\"async\" loading=\"lazy\" width=\"1024\" height=\"768\" src=\"http:\/\/www.cool-project.cz\/wp-content\/uploads\/2020\/02\/20191220_202130-1024x768.jpg\" alt=\"VZT digesto\u0159 PP\" data-id=\"57\" data-link=\"http:\/\/www.cool-project.cz\/?attachment_id=57\" class=\"wp-image-57\" srcset=\"https:\/\/www.cool-project.cz\/wp-content\/uploads\/2020\/02\/20191220_202130-1024x768.jpg 1024w, https:\/\/www.cool-project.cz\/wp-content\/uploads\/2020\/02\/20191220_202130-300x225.jpg 300w, https:\/\/www.cool-project.cz\/wp-content\/uploads\/2020\/02\/20191220_202130-768x576.jpg 768w\" sizes=\"(max-width: 1024px) 100vw, 1024px\" \/><figcaption>VZT digesto\u0159 PP<\/figcaption><\/figure><\/li><li class=\"blocks-gallery-item\"><figure><img decoding=\"async\" loading=\"lazy\" width=\"1024\" height=\"768\" src=\"http:\/\/www.cool-project.cz\/wp-content\/uploads\/2020\/02\/20191220_202123-1024x768.jpg\" alt=\"VZT rozvody PVC-U a PP\" data-id=\"56\" data-link=\"http:\/\/www.cool-project.cz\/?attachment_id=56\" class=\"wp-image-56\" srcset=\"https:\/\/www.cool-project.cz\/wp-content\/uploads\/2020\/02\/20191220_202123-1024x768.jpg 1024w, https:\/\/www.cool-project.cz\/wp-content\/uploads\/2020\/02\/20191220_202123-300x225.jpg 300w, https:\/\/www.cool-project.cz\/wp-content\/uploads\/2020\/02\/20191220_202123-768x576.jpg 768w\" sizes=\"(max-width: 1024px) 100vw, 1024px\" \/><figcaption>VZT rozvody PVC-U a PP<\/figcaption><\/figure><\/li><li class=\"blocks-gallery-item\"><figure><img decoding=\"async\" loading=\"lazy\" width=\"1024\" height=\"768\" src=\"http:\/\/www.cool-project.cz\/wp-content\/uploads\/2020\/02\/20191220_202117-1024x768.jpg\" alt=\"VZT jednotka\" data-id=\"55\" data-link=\"http:\/\/www.cool-project.cz\/?attachment_id=55\" class=\"wp-image-55\" srcset=\"https:\/\/www.cool-project.cz\/wp-content\/uploads\/2020\/02\/20191220_202117-1024x768.jpg 1024w, https:\/\/www.cool-project.cz\/wp-content\/uploads\/2020\/02\/20191220_202117-300x225.jpg 300w, https:\/\/www.cool-project.cz\/wp-content\/uploads\/2020\/02\/20191220_202117-768x576.jpg 768w\" sizes=\"(max-width: 1024px) 100vw, 1024px\" \/><figcaption>VZT jednotka<\/figcaption><\/figure><\/li><\/ul>\n\n\n\n<p><strong>Chlad\u00edc\u00ed boxy<\/strong> &#8211; v\u00fdstavba kompletn\u00edch chlad\u00edc\u00edch \u010di mraz\u00edc\u00edch box\u016f. Dopl\u0148kov\u011b mo\u017eno roz\u0161\u00ed\u0159it o z\u00e1lo\u017en\u00ed zdroje nap\u00e1jen\u00ed, vzd\u00e1len\u00e1 spr\u00e1va pop\u0159. specializovan\u00e9 automatiza\u010dn\u00ed syst\u00e9my pro \u0159\u00edzen\u00ed vnit\u0159n\u00edho klimatu. Dopl\u0148kov\u011b zajist\u00edme dod\u00e1vku nerezov\u00fdch reg\u00e1l\u016f.<\/p>\n\n\n\n<ul class=\"is-layout-flex wp-block-gallery-7 wp-block-gallery columns-3 is-cropped\"><li class=\"blocks-gallery-item\"><figure><img decoding=\"async\" loading=\"lazy\" width=\"962\" height=\"701\" src=\"http:\/\/www.cool-project.cz\/wp-content\/uploads\/2020\/02\/20150106_124035-1024x768.jpg\" alt=\"\" data-id=\"250\" data-link=\"http:\/\/www.cool-project.cz\/?attachment_id=250\" class=\"wp-image-250\" srcset=\"https:\/\/www.cool-project.cz\/wp-content\/uploads\/2020\/02\/20150106_124035-1024x768.jpg 962w, https:\/\/www.cool-project.cz\/wp-content\/uploads\/2020\/02\/20150106_124035-1024x768-300x219.jpg 300w, https:\/\/www.cool-project.cz\/wp-content\/uploads\/2020\/02\/20150106_124035-1024x768-768x560.jpg 768w\" sizes=\"(max-width: 962px) 100vw, 962px\" \/><\/figure><\/li><li class=\"blocks-gallery-item\"><figure><img decoding=\"async\" loading=\"lazy\" width=\"1024\" height=\"768\" src=\"http:\/\/www.cool-project.cz\/wp-content\/uploads\/2020\/02\/20150106_124522-1024x768.jpg\" alt=\"\" data-id=\"251\" data-link=\"http:\/\/www.cool-project.cz\/?attachment_id=251\" class=\"wp-image-251\" srcset=\"https:\/\/www.cool-project.cz\/wp-content\/uploads\/2020\/02\/20150106_124522-1024x768.jpg 1024w, https:\/\/www.cool-project.cz\/wp-content\/uploads\/2020\/02\/20150106_124522-300x225.jpg 300w, https:\/\/www.cool-project.cz\/wp-content\/uploads\/2020\/02\/20150106_124522-768x576.jpg 768w\" sizes=\"(max-width: 1024px) 100vw, 1024px\" \/><\/figure><\/li><li class=\"blocks-gallery-item\"><figure><img decoding=\"async\" loading=\"lazy\" width=\"1024\" height=\"768\" src=\"http:\/\/www.cool-project.cz\/wp-content\/uploads\/2020\/02\/20150106_123335-1024x768.jpg\" alt=\"\" data-id=\"245\" data-link=\"http:\/\/www.cool-project.cz\/?attachment_id=245\" class=\"wp-image-245\" srcset=\"https:\/\/www.cool-project.cz\/wp-content\/uploads\/2020\/02\/20150106_123335-1024x768.jpg 1024w, https:\/\/www.cool-project.cz\/wp-content\/uploads\/2020\/02\/20150106_123335-300x225.jpg 300w, https:\/\/www.cool-project.cz\/wp-content\/uploads\/2020\/02\/20150106_123335-768x576.jpg 768w\" sizes=\"(max-width: 1024px) 100vw, 1024px\" \/><\/figure><\/li><li class=\"blocks-gallery-item\"><figure><img decoding=\"async\" loading=\"lazy\" width=\"768\" height=\"1024\" src=\"http:\/\/www.cool-project.cz\/wp-content\/uploads\/2020\/02\/20150106_123600-768x1024-768x1024.jpg\" alt=\"\" data-id=\"246\" data-link=\"http:\/\/www.cool-project.cz\/?attachment_id=246\" class=\"wp-image-246\" srcset=\"https:\/\/www.cool-project.cz\/wp-content\/uploads\/2020\/02\/20150106_123600-768x1024.jpg 768w, https:\/\/www.cool-project.cz\/wp-content\/uploads\/2020\/02\/20150106_123600-768x1024-225x300.jpg 225w\" sizes=\"(max-width: 768px) 100vw, 768px\" \/><\/figure><\/li><li class=\"blocks-gallery-item\"><figure><img decoding=\"async\" loading=\"lazy\" width=\"768\" height=\"1024\" src=\"http:\/\/www.cool-project.cz\/wp-content\/uploads\/2020\/02\/20150106_123644-768x1024.jpg\" alt=\"\" data-id=\"248\" data-link=\"http:\/\/www.cool-project.cz\/?attachment_id=248\" class=\"wp-image-248\" srcset=\"https:\/\/www.cool-project.cz\/wp-content\/uploads\/2020\/02\/20150106_123644-768x1024.jpg 768w, https:\/\/www.cool-project.cz\/wp-content\/uploads\/2020\/02\/20150106_123644-225x300.jpg 225w\" sizes=\"(max-width: 768px) 100vw, 768px\" \/><\/figure><\/li><li class=\"blocks-gallery-item\"><figure><img decoding=\"async\" loading=\"lazy\" width=\"768\" height=\"1024\" src=\"http:\/\/www.cool-project.cz\/wp-content\/uploads\/2020\/02\/20150106_124018-768x1024.jpg\" alt=\"\" data-id=\"249\" data-link=\"http:\/\/www.cool-project.cz\/?attachment_id=249\" class=\"wp-image-249\" srcset=\"https:\/\/www.cool-project.cz\/wp-content\/uploads\/2020\/02\/20150106_124018-768x1024.jpg 768w, https:\/\/www.cool-project.cz\/wp-content\/uploads\/2020\/02\/20150106_124018-225x300.jpg 225w\" sizes=\"(max-width: 768px) 100vw, 768px\" \/><\/figure><\/li><li class=\"blocks-gallery-item\"><figure><img decoding=\"async\" loading=\"lazy\" width=\"640\" height=\"480\" src=\"http:\/\/www.cool-project.cz\/wp-content\/uploads\/2020\/02\/20150130_212549.jpg\" alt=\"\" data-id=\"257\" data-link=\"http:\/\/www.cool-project.cz\/?attachment_id=257\" class=\"wp-image-257\" srcset=\"https:\/\/www.cool-project.cz\/wp-content\/uploads\/2020\/02\/20150130_212549.jpg 640w, https:\/\/www.cool-project.cz\/wp-content\/uploads\/2020\/02\/20150130_212549-300x225.jpg 300w\" sizes=\"(max-width: 640px) 100vw, 640px\" \/><\/figure><\/li><li class=\"blocks-gallery-item\"><figure><img decoding=\"async\" loading=\"lazy\" width=\"640\" height=\"480\" src=\"http:\/\/www.cool-project.cz\/wp-content\/uploads\/2020\/02\/20150130_212538.jpg\" alt=\"\" data-id=\"256\" data-link=\"http:\/\/www.cool-project.cz\/?attachment_id=256\" class=\"wp-image-256\" srcset=\"https:\/\/www.cool-project.cz\/wp-content\/uploads\/2020\/02\/20150130_212538.jpg 640w, https:\/\/www.cool-project.cz\/wp-content\/uploads\/2020\/02\/20150130_212538-300x225.jpg 300w\" sizes=\"(max-width: 640px) 100vw, 640px\" \/><\/figure><\/li><li class=\"blocks-gallery-item\"><figure><img decoding=\"async\" loading=\"lazy\" width=\"640\" height=\"480\" src=\"http:\/\/www.cool-project.cz\/wp-content\/uploads\/2020\/02\/20150130_212510.jpg\" alt=\"\" data-id=\"255\" data-link=\"http:\/\/www.cool-project.cz\/?attachment_id=255\" class=\"wp-image-255\" srcset=\"https:\/\/www.cool-project.cz\/wp-content\/uploads\/2020\/02\/20150130_212510.jpg 640w, https:\/\/www.cool-project.cz\/wp-content\/uploads\/2020\/02\/20150130_212510-300x225.jpg 300w\" sizes=\"(max-width: 640px) 100vw, 640px\" \/><\/figure><\/li><li class=\"blocks-gallery-item\"><figure><img decoding=\"async\" loading=\"lazy\" width=\"1024\" height=\"768\" src=\"http:\/\/www.cool-project.cz\/wp-content\/uploads\/2020\/02\/Sn\u00edmek-003-1024x768-1024x768.jpg\" alt=\"\" data-id=\"258\" data-link=\"http:\/\/www.cool-project.cz\/?attachment_id=258\" class=\"wp-image-258\" srcset=\"https:\/\/www.cool-project.cz\/wp-content\/uploads\/2020\/02\/Sn\u00edmek-003-1024x768.jpg 1024w, https:\/\/www.cool-project.cz\/wp-content\/uploads\/2020\/02\/Sn\u00edmek-003-1024x768-300x225.jpg 300w, https:\/\/www.cool-project.cz\/wp-content\/uploads\/2020\/02\/Sn\u00edmek-003-1024x768-768x576.jpg 768w\" sizes=\"(max-width: 1024px) 100vw, 1024px\" \/><\/figure><\/li><li class=\"blocks-gallery-item\"><figure><img decoding=\"async\" loading=\"lazy\" width=\"768\" height=\"1024\" src=\"http:\/\/www.cool-project.cz\/wp-content\/uploads\/2020\/02\/Sn\u00edmek-004-768x1024.jpg\" alt=\"\" data-id=\"259\" data-link=\"http:\/\/www.cool-project.cz\/?attachment_id=259\" class=\"wp-image-259\" srcset=\"https:\/\/www.cool-project.cz\/wp-content\/uploads\/2020\/02\/Sn\u00edmek-004-768x1024.jpg 768w, https:\/\/www.cool-project.cz\/wp-content\/uploads\/2020\/02\/Sn\u00edmek-004-225x300.jpg 225w\" sizes=\"(max-width: 768px) 100vw, 768px\" \/><\/figure><\/li><\/ul>\n","protected":false},"excerpt":{"rendered":"<p>Chillery &#8211; chlazen\u00ed kapalin, p\u0159edev\u0161\u00edm pak vody pro formy vst\u0159ikolis\u016f, vodn\u00ed l\u00e1zn\u011b chlazen\u00ed profil\u016f z plastu \u010di gumy, vodn\u00ed chlazen\u00ed rozv\u00e1d\u011b\u010d\u016f \u010di vzduchotechnick\u00fdch syst\u00e9m\u016f, chlazen\u00ed nemrznouc\u00edch sm\u011bs\u00ed ethylen \u010di propylenglykolu apod.. Rozv\u00e1d\u011b\u010dov\u00e9 chlazen\u00ed &#8211; kompresorov\u00e9 \u010di vodn\u00ed chlazen\u00ed rozv\u00e1d\u011b\u010d\u016f p\u0159\u00edpadn\u011b chlazen\u00ed cel\u00fdch elektrokontajner\u016f prost\u0159ednictv\u00edm vzduchotechniky. VZT &#8211; vzduchotechnick\u00e9 syst\u00e9my pro klimatizov\u00e1n\u00ed v\u00fdrobn\u00edch hal\u00e1 \u010di specializovan\u00e9 [&hellip;]<\/p>\n","protected":false},"author":1,"featured_media":0,"parent":0,"menu_order":0,"comment_status":"closed","ping_status":"closed","template":"","meta":[],"_links":{"self":[{"href":"https:\/\/www.cool-project.cz\/index.php?rest_route=\/wp\/v2\/pages\/153"}],"collection":[{"href":"https:\/\/www.cool-project.cz\/index.php?rest_route=\/wp\/v2\/pages"}],"about":[{"href":"https:\/\/www.cool-project.cz\/index.php?rest_route=\/wp\/v2\/types\/page"}],"author":[{"embeddable":true,"href":"https:\/\/www.cool-project.cz\/index.php?rest_route=\/wp\/v2\/users\/1"}],"replies":[{"embeddable":true,"href":"https:\/\/www.cool-project.cz\/index.php?rest_route=%2Fwp%2Fv2%2Fcomments&post=153"}],"version-history":[{"count":8,"href":"https:\/\/www.cool-project.cz\/index.php?rest_route=\/wp\/v2\/pages\/153\/revisions"}],"predecessor-version":[{"id":368,"href":"https:\/\/www.cool-project.cz\/index.php?rest_route=\/wp\/v2\/pages\/153\/revisions\/368"}],"wp:attachment":[{"href":"https:\/\/www.cool-project.cz\/index.php?rest_route=%2Fwp%2Fv2%2Fmedia&parent=153"}],"curies":[{"name":"wp","href":"https:\/\/api.w.org\/{rel}","templated":true}]}}